{"id":3935,"date":"2024-10-25T06:25:24","date_gmt":"2024-10-25T06:25:24","guid":{"rendered":"https:\/\/610weblab.in\/hzmconsulting-fr\/blogue\/"},"modified":"2024-10-25T07:20:03","modified_gmt":"2024-10-25T07:20:03","slug":"blogue","status":"publish","type":"page","link":"https:\/\/hzm.610weblab.com\/fr\/blogue\/","title":{"rendered":"Blogue"},"content":{"rendered":"\t\t<div data-elementor-type=\"wp-page\" data-elementor-id=\"3935\" class=\"elementor elementor-3935\" data-elementor-post-type=\"page\">\n\t\t\t\t<div class=\"elementor-element elementor-element-7200f32 e-flex e-con-boxed e-con e-parent\" data-id=\"7200f32\" data-element_type=\"container\" data-settings=\"{&quot;background_background&quot;:&quot;classic&quot;}\">\n\t\t\t\t\t<div class=\"e-con-inner\">\n\t\t<div class=\"elementor-element elementor-element-cd9d819 e-con-full e-flex e-con e-child\" data-id=\"cd9d819\" data-element_type=\"container\">\n\t\t\t\t<div class=\"elementor-element elementor-element-cf0e90e elementor-widget elementor-widget-heading\" data-id=\"cf0e90e\" data-element_type=\"widget\" data-widget_type=\"heading.default\">\n\t\t\t\t<div class=\"elementor-widget-container\">\n\t\t\t\t\t<h1 class=\"elementor-heading-title elementor-size-default\">Blogue<\/h1>\t\t\t\t<\/div>\n\t\t\t\t<\/div>\n\t\t\t\t<\/div>\n\t\t\t\t\t<\/div>\n\t\t\t\t<\/div>\n\t\t<div class=\"elementor-element elementor-element-9aa7a1e e-flex e-con-boxed e-con e-parent\" data-id=\"9aa7a1e\" data-element_type=\"container\" data-settings=\"{&quot;background_background&quot;:&quot;classic&quot;}\">\n\t\t\t\t\t<div class=\"e-con-inner\">\n\t\t\t\t<div class=\"elementor-element elementor-element-5cb0d7a blogs_list elementor-grid-3 elementor-grid-tablet-2 elementor-grid-mobile-1 elementor-posts--thumbnail-top load-more-align-center elementor-widget elementor-widget-posts\" data-id=\"5cb0d7a\" data-element_type=\"widget\" data-settings=\"{&quot;classic_row_gap&quot;:{&quot;unit&quot;:&quot;px&quot;,&quot;size&quot;:30,&quot;sizes&quot;:[]},&quot;pagination_type&quot;:&quot;load_more_on_click&quot;,&quot;classic_columns&quot;:&quot;3&quot;,&quot;classic_columns_tablet&quot;:&quot;2&quot;,&quot;classic_columns_mobile&quot;:&quot;1&quot;,&quot;classic_row_gap_laptop&quot;:{&quot;unit&quot;:&quot;px&quot;,&quot;size&quot;:&quot;&quot;,&quot;sizes&quot;:[]},&quot;classic_row_gap_tablet_extra&quot;:{&quot;unit&quot;:&quot;px&quot;,&quot;size&quot;:&quot;&quot;,&quot;sizes&quot;:[]},&quot;classic_row_gap_tablet&quot;:{&quot;unit&quot;:&quot;px&quot;,&quot;size&quot;:&quot;&quot;,&quot;sizes&quot;:[]},&quot;classic_row_gap_mobile_extra&quot;:{&quot;unit&quot;:&quot;px&quot;,&quot;size&quot;:&quot;&quot;,&quot;sizes&quot;:[]},&quot;classic_row_gap_mobile&quot;:{&quot;unit&quot;:&quot;px&quot;,&quot;size&quot;:&quot;&quot;,&quot;sizes&quot;:[]},&quot;load_more_spinner&quot;:{&quot;value&quot;:&quot;fas fa-spinner&quot;,&quot;library&quot;:&quot;fa-solid&quot;}}\" data-widget_type=\"posts.classic\">\n\t\t\t\t<div class=\"elementor-widget-container\">\n\t\t\t\t\t\t\t<div class=\"elementor-posts-container elementor-posts elementor-posts--skin-classic elementor-grid\" role=\"list\">\n\t\t\t\t<article class=\"elementor-post elementor-grid-item post-1771 post type-post status-publish format-standard has-post-thumbnail hentry category-article-fr\" role=\"listitem\">\n\t\t\t\t<a class=\"elementor-post__thumbnail__link\" href=\"https:\/\/hzm.610weblab.com\/fr\/gestion-du-changement-quand-en-avons-nous-besoin\/\" tabindex=\"-1\" >\n\t\t\t<div class=\"elementor-post__thumbnail\"><img fetchpriority=\"high\" decoding=\"async\" width=\"980\" height=\"653\" src=\"https:\/\/hzm.610weblab.com\/fr\/wp-content\/uploads\/sites\/4\/2024\/01\/campaign-creators-gMsnXqILjp4-unsplash-1-980x653-1.webp\" class=\"attachment-full size-full wp-image-1683\" alt=\"HZM Project Management Consulting Services\" srcset=\"https:\/\/hzm.610weblab.com\/fr\/wp-content\/uploads\/sites\/4\/2024\/01\/campaign-creators-gMsnXqILjp4-unsplash-1-980x653-1.webp 980w, https:\/\/hzm.610weblab.com\/fr\/wp-content\/uploads\/sites\/4\/2024\/01\/campaign-creators-gMsnXqILjp4-unsplash-1-980x653-1-300x200.webp 300w, https:\/\/hzm.610weblab.com\/fr\/wp-content\/uploads\/sites\/4\/2024\/01\/campaign-creators-gMsnXqILjp4-unsplash-1-980x653-1-768x512.webp 768w, https:\/\/hzm.610weblab.com\/fr\/wp-content\/uploads\/sites\/4\/2024\/01\/campaign-creators-gMsnXqILjp4-unsplash-1-980x653-1-600x400.webp 600w\" sizes=\"(max-width: 980px) 100vw, 980px\" \/><\/div>\n\t\t<\/a>\n\t\t\t\t<div class=\"elementor-post__text\">\n\t\t\t\t<h3 class=\"elementor-post__title\">\n\t\t\t<a href=\"https:\/\/hzm.610weblab.com\/fr\/gestion-du-changement-quand-en-avons-nous-besoin\/\" >\n\t\t\t\tGestion du changement : quand en avons-nous besoin ?\t\t\t<\/a>\n\t\t<\/h3>\n\t\t\t\t<div class=\"elementor-post__excerpt\">\n\t\t\t<p>Si vous avez \u00e9tudi\u00e9 l&rsquo;Agile, vous avez certainement entendu parler de la gestion du changement (CM). La seule constante dans un monde ax\u00e9 sur la<\/p>\n\t\t<\/div>\n\t\t\n\t\t<a class=\"elementor-post__read-more\" href=\"https:\/\/hzm.610weblab.com\/fr\/gestion-du-changement-quand-en-avons-nous-besoin\/\" aria-label=\"En savoir plus sur Gestion du changement : quand en avons-nous besoin ?\" tabindex=\"-1\" >\n\t\t\tEn savoir plus\t\t<\/a>\n\n\t\t\t\t<\/div>\n\t\t\t\t<\/article>\n\t\t\t\t<article class=\"elementor-post elementor-grid-item post-1773 post type-post status-publish format-standard has-post-thumbnail hentry category-article-fr\" role=\"listitem\">\n\t\t\t\t<a class=\"elementor-post__thumbnail__link\" href=\"https:\/\/hzm.610weblab.com\/fr\/la-pensee-de-conception-quest-ce-que-cest\/\" tabindex=\"-1\" >\n\t\t\t<div class=\"elementor-post__thumbnail\"><img decoding=\"async\" width=\"980\" height=\"735\" src=\"https:\/\/hzm.610weblab.com\/fr\/wp-content\/uploads\/sites\/4\/2024\/01\/bonneval-sebastien-lG-6_ox_UXE-unsplash-980x735-1.jpg\" class=\"attachment-full size-full wp-image-1682\" alt=\"HZM Project Management Consulting Services\" srcset=\"https:\/\/hzm.610weblab.com\/fr\/wp-content\/uploads\/sites\/4\/2024\/01\/bonneval-sebastien-lG-6_ox_UXE-unsplash-980x735-1.jpg 980w, https:\/\/hzm.610weblab.com\/fr\/wp-content\/uploads\/sites\/4\/2024\/01\/bonneval-sebastien-lG-6_ox_UXE-unsplash-980x735-1-300x225.jpg 300w, https:\/\/hzm.610weblab.com\/fr\/wp-content\/uploads\/sites\/4\/2024\/01\/bonneval-sebastien-lG-6_ox_UXE-unsplash-980x735-1-768x576.jpg 768w, https:\/\/hzm.610weblab.com\/fr\/wp-content\/uploads\/sites\/4\/2024\/01\/bonneval-sebastien-lG-6_ox_UXE-unsplash-980x735-1-600x450.jpg 600w\" sizes=\"(max-width: 980px) 100vw, 980px\" \/><\/div>\n\t\t<\/a>\n\t\t\t\t<div class=\"elementor-post__text\">\n\t\t\t\t<h3 class=\"elementor-post__title\">\n\t\t\t<a href=\"https:\/\/hzm.610weblab.com\/fr\/la-pensee-de-conception-quest-ce-que-cest\/\" >\n\t\t\t\tLa pens\u00e9e de conception. Qu&rsquo;est-ce que c&rsquo;est?\t\t\t<\/a>\n\t\t<\/h3>\n\t\t\t\t<div class=\"elementor-post__excerpt\">\n\t\t\t<p>Qu\u2019ont en commun les marques de renomm\u00e9e mondiale comme Apple, Google et Samsung ? Outre le fait qu\u2019ils ont tous d\u00e9velopp\u00e9 des produits innovants, ils<\/p>\n\t\t<\/div>\n\t\t\n\t\t<a class=\"elementor-post__read-more\" href=\"https:\/\/hzm.610weblab.com\/fr\/la-pensee-de-conception-quest-ce-que-cest\/\" aria-label=\"En savoir plus sur La pens\u00e9e de conception. Qu&rsquo;est-ce que c&rsquo;est?\" tabindex=\"-1\" >\n\t\t\tEn savoir plus\t\t<\/a>\n\n\t\t\t\t<\/div>\n\t\t\t\t<\/article>\n\t\t\t\t<article class=\"elementor-post elementor-grid-item post-1775 post type-post status-publish format-standard has-post-thumbnail hentry category-article-fr\" role=\"listitem\">\n\t\t\t\t<a class=\"elementor-post__thumbnail__link\" href=\"https:\/\/hzm.610weblab.com\/fr\/pouvez-vous-utiliser-agile-en-dehors-de-linformatique\/\" tabindex=\"-1\" >\n\t\t\t<div class=\"elementor-post__thumbnail\"><img decoding=\"async\" width=\"980\" height=\"552\" src=\"https:\/\/hzm.610weblab.com\/fr\/wp-content\/uploads\/sites\/4\/2024\/01\/bonneval-sebastien-GACjwmEEoeQ-unsplash-1-980x552-1.jpg\" class=\"attachment-full size-full wp-image-1681\" alt=\"HZM Project Management Consulting Services\" srcset=\"https:\/\/hzm.610weblab.com\/fr\/wp-content\/uploads\/sites\/4\/2024\/01\/bonneval-sebastien-GACjwmEEoeQ-unsplash-1-980x552-1.jpg 980w, https:\/\/hzm.610weblab.com\/fr\/wp-content\/uploads\/sites\/4\/2024\/01\/bonneval-sebastien-GACjwmEEoeQ-unsplash-1-980x552-1-300x169.jpg 300w, https:\/\/hzm.610weblab.com\/fr\/wp-content\/uploads\/sites\/4\/2024\/01\/bonneval-sebastien-GACjwmEEoeQ-unsplash-1-980x552-1-768x433.jpg 768w, https:\/\/hzm.610weblab.com\/fr\/wp-content\/uploads\/sites\/4\/2024\/01\/bonneval-sebastien-GACjwmEEoeQ-unsplash-1-980x552-1-600x338.jpg 600w\" sizes=\"(max-width: 980px) 100vw, 980px\" \/><\/div>\n\t\t<\/a>\n\t\t\t\t<div class=\"elementor-post__text\">\n\t\t\t\t<h3 class=\"elementor-post__title\">\n\t\t\t<a href=\"https:\/\/hzm.610weblab.com\/fr\/pouvez-vous-utiliser-agile-en-dehors-de-linformatique\/\" >\n\t\t\t\tPouvez-vous utiliser Agile en dehors de l\u2019informatique\u00a0?\t\t\t<\/a>\n\t\t<\/h3>\n\t\t\t\t<div class=\"elementor-post__excerpt\">\n\t\t\t<p>Agile est synonyme de d\u00e9veloppement logiciel. En fait, c&rsquo;est devenu tellement synonyme que les gens ont du mal \u00e0 imaginer pouvoir l&rsquo;utiliser pour autre chose<\/p>\n\t\t<\/div>\n\t\t\n\t\t<a class=\"elementor-post__read-more\" href=\"https:\/\/hzm.610weblab.com\/fr\/pouvez-vous-utiliser-agile-en-dehors-de-linformatique\/\" aria-label=\"En savoir plus sur Pouvez-vous utiliser Agile en dehors de l\u2019informatique\u00a0?\" tabindex=\"-1\" >\n\t\t\tEn savoir plus\t\t<\/a>\n\n\t\t\t\t<\/div>\n\t\t\t\t<\/article>\n\t\t\t\t<article class=\"elementor-post elementor-grid-item post-1786 post type-post status-publish format-standard has-post-thumbnail hentry category-article-fr\" role=\"listitem\">\n\t\t\t\t<a class=\"elementor-post__thumbnail__link\" href=\"https:\/\/hzm.610weblab.com\/fr\/quest-ce-quun-agile-release-train-art\/\" tabindex=\"-1\" >\n\t\t\t<div class=\"elementor-post__thumbnail\"><img loading=\"lazy\" decoding=\"async\" width=\"980\" height=\"690\" src=\"https:\/\/hzm.610weblab.com\/fr\/wp-content\/uploads\/sites\/4\/2024\/01\/vidar-nordli-mathisen-JHPTz8bZbtA-unsplash-1-980x690-1.webp\" class=\"attachment-full size-full wp-image-1680\" alt=\"HZM Project Management Consulting Services\" srcset=\"https:\/\/hzm.610weblab.com\/fr\/wp-content\/uploads\/sites\/4\/2024\/01\/vidar-nordli-mathisen-JHPTz8bZbtA-unsplash-1-980x690-1.webp 980w, https:\/\/hzm.610weblab.com\/fr\/wp-content\/uploads\/sites\/4\/2024\/01\/vidar-nordli-mathisen-JHPTz8bZbtA-unsplash-1-980x690-1-300x211.webp 300w, https:\/\/hzm.610weblab.com\/fr\/wp-content\/uploads\/sites\/4\/2024\/01\/vidar-nordli-mathisen-JHPTz8bZbtA-unsplash-1-980x690-1-768x541.webp 768w, https:\/\/hzm.610weblab.com\/fr\/wp-content\/uploads\/sites\/4\/2024\/01\/vidar-nordli-mathisen-JHPTz8bZbtA-unsplash-1-980x690-1-600x422.webp 600w\" sizes=\"(max-width: 980px) 100vw, 980px\" \/><\/div>\n\t\t<\/a>\n\t\t\t\t<div class=\"elementor-post__text\">\n\t\t\t\t<h3 class=\"elementor-post__title\">\n\t\t\t<a href=\"https:\/\/hzm.610weblab.com\/fr\/quest-ce-quun-agile-release-train-art\/\" >\n\t\t\t\tQu\u2019est-ce qu\u2019un Agile Release Train (ART) ?\t\t\t<\/a>\n\t\t<\/h3>\n\t\t\t\t<div class=\"elementor-post__excerpt\">\n\t\t\t<p>Qu\u2019est-ce qu\u2019un Agile Release Train exactement ? Nous avons plus de 20 ans d&rsquo;exp\u00e9rience en\u00a0gestion de projet\u00a0et nous avons utilis\u00e9 Agile dans des projets petits<\/p>\n\t\t<\/div>\n\t\t\n\t\t<a class=\"elementor-post__read-more\" href=\"https:\/\/hzm.610weblab.com\/fr\/quest-ce-quun-agile-release-train-art\/\" aria-label=\"En savoir plus sur Qu\u2019est-ce qu\u2019un Agile Release Train (ART) ?\" tabindex=\"-1\" >\n\t\t\tEn savoir plus\t\t<\/a>\n\n\t\t\t\t<\/div>\n\t\t\t\t<\/article>\n\t\t\t\t<article class=\"elementor-post elementor-grid-item post-1788 post type-post status-publish format-standard has-post-thumbnail hentry category-article-fr\" role=\"listitem\">\n\t\t\t\t<a class=\"elementor-post__thumbnail__link\" href=\"https:\/\/hzm.610weblab.com\/fr\/agile-en-toute-securite-pourquoi-maintenant\/\" tabindex=\"-1\" >\n\t\t\t<div class=\"elementor-post__thumbnail\"><img loading=\"lazy\" decoding=\"async\" width=\"980\" height=\"654\" src=\"https:\/\/hzm.610weblab.com\/fr\/wp-content\/uploads\/sites\/4\/2024\/01\/jo-szczepanska-5aiRb5f464A-unsplash-1-980x654-1.webp\" class=\"attachment-full size-full wp-image-1679\" alt=\"HZM Project Management Consulting Services\" srcset=\"https:\/\/hzm.610weblab.com\/fr\/wp-content\/uploads\/sites\/4\/2024\/01\/jo-szczepanska-5aiRb5f464A-unsplash-1-980x654-1.webp 980w, https:\/\/hzm.610weblab.com\/fr\/wp-content\/uploads\/sites\/4\/2024\/01\/jo-szczepanska-5aiRb5f464A-unsplash-1-980x654-1-300x200.webp 300w, https:\/\/hzm.610weblab.com\/fr\/wp-content\/uploads\/sites\/4\/2024\/01\/jo-szczepanska-5aiRb5f464A-unsplash-1-980x654-1-768x513.webp 768w, https:\/\/hzm.610weblab.com\/fr\/wp-content\/uploads\/sites\/4\/2024\/01\/jo-szczepanska-5aiRb5f464A-unsplash-1-980x654-1-600x400.webp 600w\" sizes=\"(max-width: 980px) 100vw, 980px\" \/><\/div>\n\t\t<\/a>\n\t\t\t\t<div class=\"elementor-post__text\">\n\t\t\t\t<h3 class=\"elementor-post__title\">\n\t\t\t<a href=\"https:\/\/hzm.610weblab.com\/fr\/agile-en-toute-securite-pourquoi-maintenant\/\" >\n\t\t\t\tAgile en toute s\u00e9curit\u00e9. Pourquoi maintenant?\t\t\t<\/a>\n\t\t<\/h3>\n\t\t\t\t<div class=\"elementor-post__excerpt\">\n\t\t\t<p>SAFE Agile\u00a0et les frameworks Agile comme Scrum deviennent de plus en plus populaires lorsque les \u00e9quipes de d\u00e9veloppement doivent choisir une m\u00e9thode de gestion de<\/p>\n\t\t<\/div>\n\t\t\n\t\t<a class=\"elementor-post__read-more\" href=\"https:\/\/hzm.610weblab.com\/fr\/agile-en-toute-securite-pourquoi-maintenant\/\" aria-label=\"En savoir plus sur Agile en toute s\u00e9curit\u00e9. Pourquoi maintenant?\" tabindex=\"-1\" >\n\t\t\tEn savoir plus\t\t<\/a>\n\n\t\t\t\t<\/div>\n\t\t\t\t<\/article>\n\t\t\t\t<article class=\"elementor-post elementor-grid-item post-1793 post type-post status-publish format-standard has-post-thumbnail hentry category-article-fr\" role=\"listitem\">\n\t\t\t\t<a class=\"elementor-post__thumbnail__link\" href=\"https:\/\/hzm.610weblab.com\/fr\/cascade-agile-vs-classique-lequel-convient\/\" tabindex=\"-1\" >\n\t\t\t<div class=\"elementor-post__thumbnail\"><img loading=\"lazy\" decoding=\"async\" width=\"980\" height=\"651\" src=\"https:\/\/hzm.610weblab.com\/fr\/wp-content\/uploads\/sites\/4\/2023\/12\/firmbee-com-gcsNOsPEXfs-unsplash-980x651-1.webp\" class=\"attachment-full size-full wp-image-1678\" alt=\"HZM Project Management Consulting Services\" srcset=\"https:\/\/hzm.610weblab.com\/fr\/wp-content\/uploads\/sites\/4\/2023\/12\/firmbee-com-gcsNOsPEXfs-unsplash-980x651-1.webp 980w, https:\/\/hzm.610weblab.com\/fr\/wp-content\/uploads\/sites\/4\/2023\/12\/firmbee-com-gcsNOsPEXfs-unsplash-980x651-1-300x199.webp 300w, https:\/\/hzm.610weblab.com\/fr\/wp-content\/uploads\/sites\/4\/2023\/12\/firmbee-com-gcsNOsPEXfs-unsplash-980x651-1-768x510.webp 768w, https:\/\/hzm.610weblab.com\/fr\/wp-content\/uploads\/sites\/4\/2023\/12\/firmbee-com-gcsNOsPEXfs-unsplash-980x651-1-600x399.webp 600w\" sizes=\"(max-width: 980px) 100vw, 980px\" \/><\/div>\n\t\t<\/a>\n\t\t\t\t<div class=\"elementor-post__text\">\n\t\t\t\t<h3 class=\"elementor-post__title\">\n\t\t\t<a href=\"https:\/\/hzm.610weblab.com\/fr\/cascade-agile-vs-classique-lequel-convient\/\" >\n\t\t\t\tCascade Agile vs Classique. Lequel convient ?\t\t\t<\/a>\n\t\t<\/h3>\n\t\t\t\t<div class=\"elementor-post__excerpt\">\n\t\t\t<p>Quelle m\u00e9thodologie de gestion de projet utiliser ? Lorsque vous envisagez de r\u00e9aliser un nouveau projet, cette question se pose in\u00e9vitablement. Et c\u2019est une question<\/p>\n\t\t<\/div>\n\t\t\n\t\t<a class=\"elementor-post__read-more\" href=\"https:\/\/hzm.610weblab.com\/fr\/cascade-agile-vs-classique-lequel-convient\/\" aria-label=\"En savoir plus sur Cascade Agile vs Classique. Lequel convient ?\" tabindex=\"-1\" >\n\t\t\tEn savoir plus\t\t<\/a>\n\n\t\t\t\t<\/div>\n\t\t\t\t<\/article>\n\t\t\t\t<\/div>\n\t\t\t\t\t<span class=\"e-load-more-spinner\">\n\t\t\t\t<svg aria-hidden=\"true\" class=\"e-font-icon-svg e-fas-spinner\" viewBox=\"0 0 512 512\" xmlns=\"http:\/\/www.w3.org\/2000\/svg\"><path d=\"M304 48c0 26.51-21.49 48-48 48s-48-21.49-48-48 21.49-48 48-48 48 21.49 48 48zm-48 368c-26.51 0-48 21.49-48 48s21.49 48 48 48 48-21.49 48-48-21.49-48-48-48zm208-208c-26.51 0-48 21.49-48 48s21.49 48 48 48 48-21.49 48-48-21.49-48-48-48zM96 256c0-26.51-21.49-48-48-48S0 229.49 0 256s21.49 48 48 48 48-21.49 48-48zm12.922 99.078c-26.51 0-48 21.49-48 48s21.49 48 48 48 48-21.49 48-48c0-26.509-21.491-48-48-48zm294.156 0c-26.51 0-48 21.49-48 48s21.49 48 48 48 48-21.49 48-48c0-26.509-21.49-48-48-48zM108.922 60.922c-26.51 0-48 21.49-48 48s21.49 48 48 48 48-21.49 48-48-21.491-48-48-48z\"><\/path><\/svg>\t\t\t<\/span>\n\t\t\n\t\t\t\t\t\t<\/div>\n\t\t\t\t<\/div>\n\t\t\t\t\t<\/div>\n\t\t\t\t<\/div>\n\t\t\t\t<\/div>\n\t\t","protected":false},"excerpt":{"rendered":"<p>Blogue<\/p>\n","protected":false},"author":9,"featured_media":0,"parent":0,"menu_order":0,"comment_status":"closed","ping_status":"closed","template":"","meta":{"_monsterinsights_skip_tracking":false,"_monsterinsights_sitenote_active":false,"_monsterinsights_sitenote_note":"","_monsterinsights_sitenote_category":0,"footnotes":""},"class_list":["post-3935","page","type-page","status-publish","hentry"],"acf":[],"yoast_head":"<!-- This site is optimized with the Yoast SEO plugin v26.3 - https:\/\/yoast.com\/wordpress\/plugins\/seo\/ -->\n<title>Blogue - HZM Consulting FR<\/title>\n<meta name=\"robots\" content=\"index, follow, max-snippet:-1, max-image-preview:large, max-video-preview:-1\" \/>\n<link rel=\"canonical\" href=\"https:\/\/hzm.610weblab.com\/fr\/blogue\/\" \/>\n<meta property=\"og:locale\" content=\"fr_FR\" \/>\n<meta property=\"og:type\" content=\"article\" \/>\n<meta property=\"og:title\" content=\"Blogue - HZM Consulting FR\" \/>\n<meta property=\"og:description\" content=\"Blogue\" \/>\n<meta property=\"og:url\" content=\"https:\/\/hzm.610weblab.com\/fr\/blogue\/\" \/>\n<meta property=\"og:site_name\" content=\"HZM Consulting FR\" \/>\n<meta property=\"article:modified_time\" content=\"2024-10-25T07:20:03+00:00\" \/>\n<meta name=\"twitter:card\" content=\"summary_large_image\" \/>\n<script type=\"application\/ld+json\" class=\"yoast-schema-graph\">{\"@context\":\"https:\/\/schema.org\",\"@graph\":[{\"@type\":\"WebPage\",\"@id\":\"https:\/\/hzm.610weblab.com\/fr\/blogue\/\",\"url\":\"https:\/\/hzm.610weblab.com\/fr\/blogue\/\",\"name\":\"Blogue - HZM Consulting FR\",\"isPartOf\":{\"@id\":\"https:\/\/hzm.610weblab.com\/fr\/#website\"},\"datePublished\":\"2024-10-25T06:25:24+00:00\",\"dateModified\":\"2024-10-25T07:20:03+00:00\",\"breadcrumb\":{\"@id\":\"https:\/\/hzm.610weblab.com\/fr\/blogue\/#breadcrumb\"},\"inLanguage\":\"fr-FR\",\"potentialAction\":[{\"@type\":\"ReadAction\",\"target\":[\"https:\/\/hzm.610weblab.com\/fr\/blogue\/\"]}]},{\"@type\":\"BreadcrumbList\",\"@id\":\"https:\/\/hzm.610weblab.com\/fr\/blogue\/#breadcrumb\",\"itemListElement\":[{\"@type\":\"ListItem\",\"position\":1,\"name\":\"Home\",\"item\":\"https:\/\/hzm.610weblab.com\/fr\/\"},{\"@type\":\"ListItem\",\"position\":2,\"name\":\"Blogue\"}]},{\"@type\":\"WebSite\",\"@id\":\"https:\/\/hzm.610weblab.com\/fr\/#website\",\"url\":\"https:\/\/hzm.610weblab.com\/fr\/\",\"name\":\"HZM Consulting FR\",\"description\":\"\",\"publisher\":{\"@id\":\"https:\/\/hzm.610weblab.com\/fr\/#organization\"},\"potentialAction\":[{\"@type\":\"SearchAction\",\"target\":{\"@type\":\"EntryPoint\",\"urlTemplate\":\"https:\/\/hzm.610weblab.com\/fr\/?s={search_term_string}\"},\"query-input\":{\"@type\":\"PropertyValueSpecification\",\"valueRequired\":true,\"valueName\":\"search_term_string\"}}],\"inLanguage\":\"fr-FR\"},{\"@type\":\"Organization\",\"@id\":\"https:\/\/hzm.610weblab.com\/fr\/#organization\",\"name\":\"HZM Consulting FR\",\"url\":\"https:\/\/hzm.610weblab.com\/fr\/\",\"logo\":{\"@type\":\"ImageObject\",\"inLanguage\":\"fr-FR\",\"@id\":\"https:\/\/hzm.610weblab.com\/fr\/#\/schema\/logo\/image\/\",\"url\":\"https:\/\/hzm.610weblab.com\/fr\/wp-content\/uploads\/sites\/4\/2024\/02\/HZM_White.png\",\"contentUrl\":\"https:\/\/hzm.610weblab.com\/fr\/wp-content\/uploads\/sites\/4\/2024\/02\/HZM_White.png\",\"width\":650,\"height\":650,\"caption\":\"HZM Consulting FR\"},\"image\":{\"@id\":\"https:\/\/hzm.610weblab.com\/fr\/#\/schema\/logo\/image\/\"}}]}<\/script>\n<!-- \/ Yoast SEO plugin. -->","yoast_head_json":{"title":"Blogue - HZM Consulting FR","robots":{"index":"index","follow":"follow","max-snippet":"max-snippet:-1","max-image-preview":"max-image-preview:large","max-video-preview":"max-video-preview:-1"},"canonical":"https:\/\/hzm.610weblab.com\/fr\/blogue\/","og_locale":"fr_FR","og_type":"article","og_title":"Blogue - HZM Consulting FR","og_description":"Blogue","og_url":"https:\/\/hzm.610weblab.com\/fr\/blogue\/","og_site_name":"HZM Consulting FR","article_modified_time":"2024-10-25T07:20:03+00:00","twitter_card":"summary_large_image","schema":{"@context":"https:\/\/schema.org","@graph":[{"@type":"WebPage","@id":"https:\/\/hzm.610weblab.com\/fr\/blogue\/","url":"https:\/\/hzm.610weblab.com\/fr\/blogue\/","name":"Blogue - HZM Consulting FR","isPartOf":{"@id":"https:\/\/hzm.610weblab.com\/fr\/#website"},"datePublished":"2024-10-25T06:25:24+00:00","dateModified":"2024-10-25T07:20:03+00:00","breadcrumb":{"@id":"https:\/\/hzm.610weblab.com\/fr\/blogue\/#breadcrumb"},"inLanguage":"fr-FR","potentialAction":[{"@type":"ReadAction","target":["https:\/\/hzm.610weblab.com\/fr\/blogue\/"]}]},{"@type":"BreadcrumbList","@id":"https:\/\/hzm.610weblab.com\/fr\/blogue\/#breadcrumb","itemListElement":[{"@type":"ListItem","position":1,"name":"Home","item":"https:\/\/hzm.610weblab.com\/fr\/"},{"@type":"ListItem","position":2,"name":"Blogue"}]},{"@type":"WebSite","@id":"https:\/\/hzm.610weblab.com\/fr\/#website","url":"https:\/\/hzm.610weblab.com\/fr\/","name":"HZM Consulting FR","description":"","publisher":{"@id":"https:\/\/hzm.610weblab.com\/fr\/#organization"},"potentialAction":[{"@type":"SearchAction","target":{"@type":"EntryPoint","urlTemplate":"https:\/\/hzm.610weblab.com\/fr\/?s={search_term_string}"},"query-input":{"@type":"PropertyValueSpecification","valueRequired":true,"valueName":"search_term_string"}}],"inLanguage":"fr-FR"},{"@type":"Organization","@id":"https:\/\/hzm.610weblab.com\/fr\/#organization","name":"HZM Consulting FR","url":"https:\/\/hzm.610weblab.com\/fr\/","logo":{"@type":"ImageObject","inLanguage":"fr-FR","@id":"https:\/\/hzm.610weblab.com\/fr\/#\/schema\/logo\/image\/","url":"https:\/\/hzm.610weblab.com\/fr\/wp-content\/uploads\/sites\/4\/2024\/02\/HZM_White.png","contentUrl":"https:\/\/hzm.610weblab.com\/fr\/wp-content\/uploads\/sites\/4\/2024\/02\/HZM_White.png","width":650,"height":650,"caption":"HZM Consulting FR"},"image":{"@id":"https:\/\/hzm.610weblab.com\/fr\/#\/schema\/logo\/image\/"}}]}},"_links":{"self":[{"href":"https:\/\/hzm.610weblab.com\/fr\/wp-json\/wp\/v2\/pages\/3935","targetHints":{"allow":["GET"]}}],"collection":[{"href":"https:\/\/hzm.610weblab.com\/fr\/wp-json\/wp\/v2\/pages"}],"about":[{"href":"https:\/\/hzm.610weblab.com\/fr\/wp-json\/wp\/v2\/types\/page"}],"author":[{"embeddable":true,"href":"https:\/\/hzm.610weblab.com\/fr\/wp-json\/wp\/v2\/users\/9"}],"replies":[{"embeddable":true,"href":"https:\/\/hzm.610weblab.com\/fr\/wp-json\/wp\/v2\/comments?post=3935"}],"version-history":[{"count":0,"href":"https:\/\/hzm.610weblab.com\/fr\/wp-json\/wp\/v2\/pages\/3935\/revisions"}],"wp:attachment":[{"href":"https:\/\/hzm.610weblab.com\/fr\/wp-json\/wp\/v2\/media?parent=3935"}],"curies":[{"name":"wp","href":"https:\/\/api.w.org\/{rel}","templated":true}]}}